{"id":495,"date":"2024-11-13T21:44:42","date_gmt":"2024-11-13T21:44:42","guid":{"rendered":"https:\/\/esta.goglobe-assistance.com\/?page_id=495"},"modified":"2025-08-12T11:39:55","modified_gmt":"2025-08-12T10:39:55","slug":"politique-des-cookies","status":"publish","type":"page","link":"https:\/\/esta.goglobe-assistance.com\/pt\/politique-des-cookies\/","title":{"rendered":"Pol\u00edtica de Cookies"},"content":{"rendered":"<div data-elementor-type=\"wp-page\" data-elementor-id=\"495\" class=\"elementor elementor-495\" data-elementor-post-type=\"page\">\n\t\t\t\t<div class=\"elementor-element elementor-element-4d044a51 e-flex e-con-boxed e-con e-parent\" data-id=\"4d044a51\" data-element_type=\"container\">\n\t\t\t\t\t<div class=\"e-con-inner\">\n\t\t\t\t<div class=\"elementor-element elementor-element-7fe68b3b elementor-widget elementor-widget-text-editor\" data-id=\"7fe68b3b\" data-element_type=\"widget\" data-widget_type=\"text-editor.default\">\n\t\t\t\t<div class=\"elementor-widget-container\">\n\t\t\t\t\t\t\t\t\t<p>\u00daltima atualiza\u00e7\u00e3o: 21\/05\/2024<\/p>\n<p><strong>1. Introdu\u00e7\u00e3o<\/strong><\/p>\n<p>Esta Pol\u00edtica de Cookies explica como a Goglobe Travel (doravante &quot;a Empresa&quot;) utiliza cookies e tecnologias semelhantes no site goglobe-assistance.com (doravante &quot;o Site&quot;). Ao acessar e utilizar o Site, voc\u00ea concorda com o uso de cookies de acordo com esta pol\u00edtica, a menos que opte por desativ\u00e1-los nas configura\u00e7\u00f5es do seu navegador.<\/p>\n<p><b>2. Qu&rsquo;est-ce qu&rsquo;un Cookie ?<\/b><\/p>\n<p>Un cookie est un petit fichier texte d\u00e9pos\u00e9 sur l\u2019ordinateur ou l\u2019appareil mobile de l\u2019Utilisateur lorsque celui-ci visite le Site. Les cookies permettent de collecter des informations sur la navigation de l\u2019Utilisateur afin de faciliter l\u2019acc\u00e8s au Site et d&rsquo;am\u00e9liorer l\u2019exp\u00e9rience utilisateur.<\/p>\n<p><b>3. Tipos de Cookies Utilizados<\/b><\/p>\n<p>Utilizamos v\u00e1rios tipos de cookies em nosso Site para diferentes prop\u00f3sitos:<\/p>\n<ul>\n<li>Cookies Essenciais: Estes cookies s\u00e3o necess\u00e1rios para o bom funcionamento do Site e n\u00e3o podem ser desativados. Eles permitem que voc\u00ea utilize os principais recursos, como o acesso \u00e0 sua conta segura.<\/li>\n<li>Cookies de desempenho: Esses cookies coletam informa\u00e7\u00f5es an\u00f4nimas sobre como os visitantes usam o Site (p\u00e1ginas visitadas, erros, etc.) para melhorar seu desempenho e a experi\u00eancia do usu\u00e1rio.<\/li>\n<li>Cookies de funcionalidade: esses cookies permitem que o Site se lembre das escolhas que voc\u00ea faz (prefer\u00eancias de idioma, configura\u00e7\u00f5es regionais) para lhe proporcionar uma experi\u00eancia personalizada.<\/li>\n<li>Cookies Publicitaires : Nous pouvons utiliser ces cookies pour afficher des annonces cibl\u00e9es en fonction de vos centres d&rsquo;int\u00e9r\u00eat sur notre Site ou sur d&rsquo;autres sites. Ils collectent des informations relatives \u00e0 votre navigation et peuvent \u00eatre plac\u00e9s par nos partenaires publicitaires.<\/li>\n<\/ul>\n<p><b>4. Gest\u00e3o de Cookies<\/b><\/p>\n<p><b>4.1 Configura\u00e7\u00e3o de cookies atrav\u00e9s do navegador<\/b><\/p>\n<p>A maioria dos navegadores permite que voc\u00ea gerencie os cookies em suas configura\u00e7\u00f5es. Voc\u00ea pode optar por bloquear cookies, excluir os j\u00e1 instalados ou configurar uma notifica\u00e7\u00e3o sempre que um cookie for instalado. Observe, no entanto, que o bloqueio de determinados cookies pode afetar o funcionamento adequado do Site.<\/p>\n<p><b>4.2 Configura\u00e7\u00f5es por meio de nossa ferramenta de gerenciamento de cookies<\/b><\/p>\n<p>Na sua primeira visita, um banner de cookies permite que voc\u00ea escolha as categorias de cookies que aceita. Voc\u00ea pode alterar suas prefer\u00eancias a qualquer momento usando nosso Complianz ou consultando as configura\u00e7\u00f5es de privacidade do Site.<\/p>\n<p><b>5. Cookies de terceiros<\/b><\/p>\n<p>Alguns cookies armazenados em nosso Site s\u00e3o fornecidos por terceiros, como ferramentas de an\u00e1lise (Google Analytics) ou redes de publicidade. Esses terceiros podem usar os dados coletados por meio de seus cookies para fornecer an\u00fancios personalizados com base em suas prefer\u00eancias. Convidamos voc\u00ea a consultar as pol\u00edticas de privacidade desses terceiros para obter mais detalhes.<\/p>\n<p><b>6. Dura\u00e7\u00e3o do armazenamento de cookies<\/b><\/p>\n<p>Os cookies t\u00eam um prazo de validade limitado. Alguns s\u00e3o exclu\u00eddos automaticamente ao final da sess\u00e3o de navega\u00e7\u00e3o, enquanto outros s\u00e3o armazenados por um per\u00edodo espec\u00edfico. O prazo m\u00e1ximo de reten\u00e7\u00e3o dos cookies que utilizamos \u00e9 de 13 meses, para cumprir com a legisla\u00e7\u00e3o vigente.<\/p>\n<p><b>7. Altera\u00e7\u00f5es na Pol\u00edtica de Cookies<\/b><\/p>\n<p>A Empresa poder\u00e1 modificar esta Pol\u00edtica de Cookies para refletir altera\u00e7\u00f5es em nossas pr\u00e1ticas. As altera\u00e7\u00f5es ser\u00e3o atualizadas nesta p\u00e1gina e, se necess\u00e1rio, notificadas aos usu\u00e1rios. O uso cont\u00ednuo do Site ap\u00f3s a publica\u00e7\u00e3o das altera\u00e7\u00f5es constitui aceita\u00e7\u00e3o das mesmas.<\/p>\n<p><b>8. Contato<\/b><\/p>\n<p>Pour toute question concernant cette Politique de Cookies ou vos choix de confidentialit\u00e9, veuillez nous contacter \u00e0 l&rsquo;adresse suivante : contact@goglobe-assistance.com<\/p>\t\t\t\t\t\t\t\t<\/div>\n\t\t\t\t<\/div>\n\t\t\t\t\t<\/div>\n\t\t\t\t<\/div>\n\t\t\t\t<\/div>","protected":false},"excerpt":{"rendered":"<p>Derni\u00e8re mise \u00e0 jour : 21\/05\/2024 1. Introduction La pr\u00e9sente Politique de Cookies explique comment Goglobe travel(ci-apr\u00e8s [&hellip;]<\/p>","protected":false},"author":1,"featured_media":0,"parent":0,"menu_order":0,"comment_status":"closed","ping_status":"closed","template":"","meta":{"footnotes":""},"class_list":["post-495","page","type-page","status-publish","hentry"],"_links":{"self":[{"href":"https:\/\/esta.goglobe-assistance.com\/pt\/wp-json\/wp\/v2\/pages\/495","targetHints":{"allow":["GET"]}}],"collection":[{"href":"https:\/\/esta.goglobe-assistance.com\/pt\/wp-json\/wp\/v2\/pages"}],"about":[{"href":"https:\/\/esta.goglobe-assistance.com\/pt\/wp-json\/wp\/v2\/types\/page"}],"author":[{"embeddable":true,"href":"https:\/\/esta.goglobe-assistance.com\/pt\/wp-json\/wp\/v2\/users\/1"}],"replies":[{"embeddable":true,"href":"https:\/\/esta.goglobe-assistance.com\/pt\/wp-json\/wp\/v2\/comments?post=495"}],"version-history":[{"count":12,"href":"https:\/\/esta.goglobe-assistance.com\/pt\/wp-json\/wp\/v2\/pages\/495\/revisions"}],"predecessor-version":[{"id":1310,"href":"https:\/\/esta.goglobe-assistance.com\/pt\/wp-json\/wp\/v2\/pages\/495\/revisions\/1310"}],"wp:attachment":[{"href":"https:\/\/esta.goglobe-assistance.com\/pt\/wp-json\/wp\/v2\/media?parent=495"}],"curies":[{"name":"wp","href":"https:\/\/api.w.org\/{rel}","templated":true}]}}