{"id":491,"date":"2024-11-13T21:23:43","date_gmt":"2024-11-13T21:23:43","guid":{"rendered":"https:\/\/esta.goglobe-assistance.com\/?page_id=491"},"modified":"2025-06-13T22:52:44","modified_gmt":"2025-06-13T21:52:44","slug":"conditions-generales-dutilisation-cg","status":"publish","type":"page","link":"https:\/\/esta.goglobe-assistance.com\/pt\/conditions-generales-dutilisation-cg\/","title":{"rendered":"Conditions G\u00e9n\u00e9rales d&rsquo;Utilisation (C&amp;G)"},"content":{"rendered":"<div data-elementor-type=\"wp-page\" data-elementor-id=\"491\" class=\"elementor elementor-491\" data-elementor-post-type=\"page\">\n\t\t\t\t<div class=\"elementor-element elementor-element-2950b1c6 e-flex e-con-boxed e-con e-parent\" data-id=\"2950b1c6\" data-element_type=\"container\">\n\t\t\t\t\t<div class=\"e-con-inner\">\n\t\t\t\t<div class=\"elementor-element elementor-element-754a70d2 elementor-widget elementor-widget-text-editor\" data-id=\"754a70d2\" data-element_type=\"widget\" data-widget_type=\"text-editor.default\">\n\t\t\t\t<div class=\"elementor-widget-container\">\n\t\t\t\t\t\t\t\t\t<p>\u00daltima atualiza\u00e7\u00e3o: 20\/03\/2025<\/p>\n<p><strong>1. Objetivo<\/strong><\/p>\n<p>Les pr\u00e9sentes Conditions G\u00e9n\u00e9rales d&rsquo;Utilisation (\u00ab C&amp;G \u00bb) r\u00e9gissent l&rsquo;utilisation du site web goglobe-assistance.com (ci-apr\u00e8s \u00ab le Site \u00bb), \u00e9dit\u00e9 par GO GLOBE ASSISTANCE (ci-apr\u00e8s \u00ab la Soci\u00e9t\u00e9 \u00bb), permettant de fournir des informations et de faciliter les d\u00e9marches pour obtenir une autorisation de voyage ESTA (Electronic System for Travel Authorization) vers les \u00c9tats-Unis.<\/p>\n<p>En acc\u00e9dant et en utilisant le Site, l&rsquo;utilisateur (ci-apr\u00e8s \u00ab l\u2019Utilisateur \u00bb) accepte sans r\u00e9serve les pr\u00e9sentes C&amp;G.<\/p>\n<p><strong>2. Descri\u00e7\u00e3o dos Servi\u00e7os<\/strong><\/p>\n<p>Le Site offre un service de traitement et de soumission de demandes ESTA pour les citoyens admissibles. La Soci\u00e9t\u00e9 n&rsquo;est pas affili\u00e9e au gouvernement des \u00c9tats-Unis et ne garantit pas l&rsquo;approbation de la demande.<\/p>\n<p>Os servi\u00e7os oferecidos s\u00e3o os seguintes:<\/p>\n<ul>\n<li>Fornecendo informa\u00e7\u00f5es gerais sobre o visto ESTA.<\/li>\n<li>Assist\u00eancia na submiss\u00e3o de pedidos ESTA.<\/li>\n<li>Acompanhamento e atualiza\u00e7\u00f5es do status do pedido ESTA.<\/li>\n<\/ul>\n<p><b>3. Conditions d&rsquo;Utilisation<\/b><\/p>\n<p><b>3.1 Uso do Site<\/b><\/p>\n<p>L&rsquo;Utilisateur s&rsquo;engage \u00e0 utiliser le Site de mani\u00e8re responsable, \u00e0 fournir des informations exactes et \u00e0 respecter les lois en vigueur. L\u2019utilisation du Site est r\u00e9serv\u00e9e aux personnes \u00e2g\u00e9es d\u2019au moins 18 ans.<\/p>\n<p><b>3.2 Dados Pessoais<\/b><\/p>\n<p>L&rsquo;Utilisateur reconna\u00eet que les informations personnelles transmises lors de la demande de visa ESTA sont collect\u00e9es conform\u00e9ment aux lois sur la protection des donn\u00e9es personnelles. GO GLOBE ASSISTANCE s&rsquo;engage \u00e0 utiliser ces donn\u00e9es uniquement pour les finalit\u00e9s du service. Pour plus de d\u00e9tails, veuillez consulter notre&nbsp;<a href=\"https:\/\/esta.goglobe-assistance.com\/pt\/politique-de-confidentialite\/\" target=\"_blank\" rel=\"noopener\">pol\u00edtica de Privacidade<\/a>.<\/p>\n<p><b>4. Limita\u00e7\u00e3o de responsabilidade<\/b><\/p>\n<p>La Soci\u00e9t\u00e9 s&rsquo;efforce de fournir des informations pr\u00e9cises mais ne peut garantir l&rsquo;exactitude, la compl\u00e9tude ou l&rsquo;actualit\u00e9 des informations disponibles sur le Site. La Soci\u00e9t\u00e9 d\u00e9cline toute responsabilit\u00e9 en cas de refus de l&rsquo;autorisation ESTA ou d&rsquo;erreur due \u00e0 une information fournie incorrecte par l&rsquo;Utilisateur.<\/p>\n<p><b>5. Pre\u00e7os e Pagamento<\/b><\/p>\n<p>Les frais de service du Site sont distincts des frais gouvernementaux des \u00c9tats-Unis et couvrent uniquement les prestations de traitement et de soumission de la demande. Ces frais sont non remboursables, m\u00eame en cas de refus d&rsquo;autorisation ESTA. Les paiements s&rsquo;effectuent de mani\u00e8re s\u00e9curis\u00e9e et aucun remboursement n&rsquo;est possible une fois la demande soumise.<\/p>\n<p><b>6. Propriedade Intelectual<\/b><\/p>\n<p>Todos os elementos do Site (textos, imagens, logotipos, etc.) s\u00e3o propriedade exclusiva da Empresa ou de seus parceiros e est\u00e3o protegidos pelas leis de propriedade intelectual vigentes. Qualquer reprodu\u00e7\u00e3o, modifica\u00e7\u00e3o ou distribui\u00e7\u00e3o sem autoriza\u00e7\u00e3o por escrito \u00e9 estritamente proibida.<\/p>\n<p><b>7. Altera\u00e7\u00f5es ao C&amp;G<\/b><\/p>\n<p>La Soci\u00e9t\u00e9 se r\u00e9serve le droit de modifier les pr\u00e9sentes C&amp;G \u00e0 tout moment. L&rsquo;Utilisateur sera inform\u00e9 de toute modification majeure via le Site. La poursuite de l&rsquo;utilisation du Site apr\u00e8s une modification vaut acceptation de ces changements.<\/p>\n<p><b>8. Lei aplic\u00e1vel e jurisdi\u00e7\u00e3o competente<\/b><\/p>\n<p>Les pr\u00e9sentes C&amp;G sont r\u00e9gies par les lois de la France. En cas de litige relatif \u00e0 l&rsquo;interpr\u00e9tation ou l&rsquo;ex\u00e9cution des pr\u00e9sentes, les tribunaux comp\u00e9tents de Paris seront seuls comp\u00e9tents.<\/p>\n<p><b>9. Contato<\/b><\/p>\n<p>Pour toute question relative aux pr\u00e9sentes C&amp;G, l&rsquo;Utilisateur peut contacter la Soci\u00e9t\u00e9 \u00e0 l&rsquo;adresse suivante : contact@goglobe-assistance.com ou via le formulaire de contact disponible sur le Site.<\/p>\t\t\t\t\t\t\t\t<\/div>\n\t\t\t\t<\/div>\n\t\t\t\t\t<\/div>\n\t\t\t\t<\/div>\n\t\t\t\t<\/div>","protected":false},"excerpt":{"rendered":"<p>Derni\u00e8re mise \u00e0 jour : 20\/03\/2025 1. Objet Les pr\u00e9sentes Conditions G\u00e9n\u00e9rales d&rsquo;Utilisation (\u00ab C&amp;G \u00bb) r\u00e9gissent [&hellip;]<\/p>","protected":false},"author":1,"featured_media":0,"parent":0,"menu_order":0,"comment_status":"closed","ping_status":"closed","template":"","meta":{"footnotes":""},"class_list":["post-491","page","type-page","status-publish","hentry"],"_links":{"self":[{"href":"https:\/\/esta.goglobe-assistance.com\/pt\/wp-json\/wp\/v2\/pages\/491","targetHints":{"allow":["GET"]}}],"collection":[{"href":"https:\/\/esta.goglobe-assistance.com\/pt\/wp-json\/wp\/v2\/pages"}],"about":[{"href":"https:\/\/esta.goglobe-assistance.com\/pt\/wp-json\/wp\/v2\/types\/page"}],"author":[{"embeddable":true,"href":"https:\/\/esta.goglobe-assistance.com\/pt\/wp-json\/wp\/v2\/users\/1"}],"replies":[{"embeddable":true,"href":"https:\/\/esta.goglobe-assistance.com\/pt\/wp-json\/wp\/v2\/comments?post=491"}],"version-history":[{"count":12,"href":"https:\/\/esta.goglobe-assistance.com\/pt\/wp-json\/wp\/v2\/pages\/491\/revisions"}],"predecessor-version":[{"id":1297,"href":"https:\/\/esta.goglobe-assistance.com\/pt\/wp-json\/wp\/v2\/pages\/491\/revisions\/1297"}],"wp:attachment":[{"href":"https:\/\/esta.goglobe-assistance.com\/pt\/wp-json\/wp\/v2\/media?parent=491"}],"curies":[{"name":"wp","href":"https:\/\/api.w.org\/{rel}","templated":true}]}}