{"id":254,"date":"2024-11-10T20:49:19","date_gmt":"2024-11-10T20:49:19","guid":{"rendered":"https:\/\/esta.goglobe-assistance.com\/?page_id=254"},"modified":"2025-08-15T22:43:22","modified_gmt":"2025-08-15T21:43:22","slug":"application-informations","status":"publish","type":"page","link":"https:\/\/esta.goglobe-assistance.com\/pt\/application-informations\/","title":{"rendered":"Informa\u00e7\u00f5es do candidato"},"content":{"rendered":"<div data-elementor-type=\"wp-page\" data-elementor-id=\"254\" class=\"elementor elementor-254\" data-elementor-post-type=\"page\">\n\t\t\t\t<div class=\"elementor-element elementor-element-6ee74b1 e-con-full e-flex e-con e-parent\" data-id=\"6ee74b1\" data-element_type=\"container\" data-settings=\"{&quot;background_background&quot;:&quot;classic&quot;}\">\n\t\t\t\t<div class=\"elementor-element elementor-element-52a7ed9 elementor-view-default elementor-position-top elementor-mobile-position-top elementor-widget elementor-widget-icon-box\" data-id=\"52a7ed9\" data-element_type=\"widget\" data-widget_type=\"icon-box.default\">\n\t\t\t\t<div class=\"elementor-widget-container\">\n\t\t\t\t\t\t\t<div class=\"elementor-icon-box-wrapper\">\n\n\t\t\t\t\t\t<div class=\"elementor-icon-box-icon\">\n\t\t\t\t<span  class=\"elementor-icon\">\n\t\t\t\t<svg xmlns=\"http:\/\/www.w3.org\/2000\/svg\" width=\"29\" height=\"29\" viewbox=\"0 0 29 29\" fill=\"none\"><path d=\"M14.5 28.5C22.232 28.5 28.5 22.232 28.5 14.5C28.5 6.76801 22.232 0.5 14.5 0.5C6.76801 0.5 0.5 6.76801 0.5 14.5C0.5 22.232 6.76801 28.5 14.5 28.5Z\" fill=\"#F0F0F0\"><\/path><path d=\"M13.8926 14.4989H28.5013C28.5013 13.2353 28.3328 12.0111 28.019 10.8467H13.8926V14.4989Z\" fill=\"#D80027\"><\/path><path d=\"M13.8926 7.19516H26.4464C25.5894 5.7967 24.4936 4.56059 23.216 3.54297H13.8926V7.19516Z\" fill=\"#D80027\"><\/path><path d=\"M14.4999 28.4995C17.7948 28.4995 20.8232 27.3607 23.2147 25.4561H5.78516C8.17664 27.3607 11.2051 28.4995 14.4999 28.4995Z\" fill=\"#D80027\"><\/path><path d=\"M2.55496 21.8026H26.4453C27.1333 20.6799 27.6669 19.4527 28.0178 18.1504H0.982422C1.33335 19.4527 1.86694 20.6799 2.55496 21.8026Z\" fill=\"#D80027\"><\/path><path d=\"M6.98506 2.6863H8.26087L7.07415 3.54845L7.52745 4.94347L6.34079 4.08132L5.15412 4.94347L5.54569 3.73832C4.50083 4.60867 3.58503 5.62838 2.83034 6.76456H3.23913L2.48373 7.31335C2.36605 7.50968 2.25317 7.70912 2.145 7.91152L2.50572 9.02173L1.83273 8.53277C1.66545 8.8872 1.51243 9.24962 1.37489 9.61958L1.7723 10.8428H3.23913L2.05241 11.705L2.50572 13.1L1.31905 12.2379L0.608227 12.7543C0.537078 13.3262 0.5 13.9088 0.5 14.5H14.5C14.5 6.76806 14.5 5.85653 14.5 0.5C11.7343 0.5 9.15621 1.30227 6.98506 2.6863ZM7.52745 13.1L6.34079 12.2379L5.15412 13.1L5.60743 11.705L4.42071 10.8428H5.88754L6.34079 9.44781L6.79404 10.8428H8.26087L7.07415 11.705L7.52745 13.1ZM7.07415 7.62671L7.52745 9.02173L6.34079 8.15959L5.15412 9.02173L5.60743 7.62671L4.42071 6.76456H5.88754L6.34079 5.36954L6.79404 6.76456H8.26087L7.07415 7.62671ZM12.5492 13.1L11.3625 12.2379L10.1759 13.1L10.6292 11.705L9.44244 10.8428H10.9093L11.3625 9.44781L11.8158 10.8428H13.2826L12.0959 11.705L12.5492 13.1ZM12.0959 7.62671L12.5492 9.02173L11.3625 8.15959L10.1759 9.02173L10.6292 7.62671L9.44244 6.76456H10.9093L11.3625 5.36954L11.8158 6.76456H13.2826L12.0959 7.62671ZM12.0959 3.54845L12.5492 4.94347L11.3625 4.08132L10.1759 4.94347L10.6292 3.54845L9.44244 2.6863H10.9093L11.3625 1.29127L11.8158 2.6863H13.2826L12.0959 3.54845Z\" fill=\"#0052B4\"><\/path><\/svg>\t\t\t\t<\/span>\n\t\t\t<\/div>\n\t\t\t\n\t\t\t\t\t\t<div class=\"elementor-icon-box-content\">\n\n\t\t\t\t\t\t\t\t\t<h3 class=\"elementor-icon-box-title\">\n\t\t\t\t\t\t<span  >\n\t\t\t\t\t\t\tPROCESSAMENTO DE VISTO ESTA PARA OS ESTADOS UNIDOS\t\t\t\t\t\t<\/span>\n\t\t\t\t\t<\/h3>\n\t\t\t\t\n\t\t\t\t\t\t\t\t\t<p class=\"elementor-icon-box-description\">\n\t\t\t\t\t\tBem-vindo, voc\u00ea tem direito a uma autoriza\u00e7\u00e3o de entrada eletr\u00f4nica nos Estados Unidos.\t\t\t\t\t<\/p>\n\t\t\t\t\n\t\t\t<\/div>\n\t\t\t\n\t\t<\/div>\n\t\t\t\t\t\t<\/div>\n\t\t\t\t<\/div>\n\t\t\t\t<div class=\"elementor-element elementor-element-0f1ca68 elementor-widget elementor-widget-spacer\" data-id=\"0f1ca68\" data-element_type=\"widget\" data-widget_type=\"spacer.default\">\n\t\t\t\t<div class=\"elementor-widget-container\">\n\t\t\t\t\t\t\t<div class=\"elementor-spacer\">\n\t\t\t<div class=\"elementor-spacer-inner\"><\/div>\n\t\t<\/div>\n\t\t\t\t\t\t<\/div>\n\t\t\t\t<\/div>\n\t\t\t\t<\/div>\n\t\t<div class=\"elementor-element elementor-element-998fb43 elementor-hidden-desktop elementor-hidden-tablet e-flex e-con-boxed e-con e-parent\" data-id=\"998fb43\" data-element_type=\"container\" data-settings=\"{&quot;background_background&quot;:&quot;classic&quot;}\">\n\t\t\t\t\t<div class=\"e-con-inner\">\n\t\t<div class=\"elementor-element elementor-element-0d953ea e-con-full e-flex e-con e-child\" data-id=\"0d953ea\" data-element_type=\"container\" data-settings=\"{&quot;background_background&quot;:&quot;classic&quot;}\">\n\t\t\t\t<div class=\"elementor-element elementor-element-95e2e5b elementor-widget-divider--view-line elementor-widget elementor-widget-divider\" data-id=\"95e2e5b\" data-element_type=\"widget\" data-widget_type=\"divider.default\">\n\t\t\t\t<div class=\"elementor-widget-container\">\n\t\t\t\t\t\t\t<div class=\"elementor-divider\">\n\t\t\t<span class=\"elementor-divider-separator\">\n\t\t\t\t\t\t<\/span>\n\t\t<\/div>\n\t\t\t\t\t\t<\/div>\n\t\t\t\t<\/div>\n\t\t\t\t<div class=\"elementor-element elementor-element-b127b40 elementor-widget elementor-widget-heading\" data-id=\"b127b40\" data-element_type=\"widget\" data-widget_type=\"heading.default\">\n\t\t\t\t<div class=\"elementor-widget-container\">\n\t\t\t\t\t<h6 class=\"elementor-heading-title elementor-size-default\">Passo 1\/4<\/h6>\t\t\t\t<\/div>\n\t\t\t\t<\/div>\n\t\t\t\t<div class=\"elementor-element elementor-element-3f53df4 elementor-widget elementor-widget-text-editor\" data-id=\"3f53df4\" data-element_type=\"widget\" data-widget_type=\"text-editor.default\">\n\t\t\t\t<div class=\"elementor-widget-container\">\n\t\t\t\t\t\t\t\t\t<p>Informa\u00e7\u00f5es do candidato<\/p>\t\t\t\t\t\t\t\t<\/div>\n\t\t\t\t<\/div>\n\t\t\t\t<\/div>\n\t\t<div class=\"elementor-element elementor-element-05e3574 e-con-full e-flex e-con e-child\" data-id=\"05e3574\" data-element_type=\"container\" data-settings=\"{&quot;background_background&quot;:&quot;classic&quot;}\">\n\t\t\t\t<\/div>\n\t\t\t\t\t<\/div>\n\t\t\t\t<\/div>\n\t\t<div class=\"elementor-element elementor-element-a6772f0 elementor-hidden-mobile e-flex e-con-boxed e-con e-parent\" data-id=\"a6772f0\" data-element_type=\"container\" data-settings=\"{&quot;background_background&quot;:&quot;classic&quot;}\">\n\t\t\t\t\t<div class=\"e-con-inner\">\n\t\t<div class=\"elementor-element elementor-element-5cfcfd0 e-con-full e-flex e-con e-child\" data-id=\"5cfcfd0\" data-element_type=\"container\" data-settings=\"{&quot;background_background&quot;:&quot;classic&quot;}\">\n\t\t\t\t<div class=\"elementor-element elementor-element-158f8dd elementor-widget-divider--view-line elementor-widget elementor-widget-divider\" data-id=\"158f8dd\" data-element_type=\"widget\" data-widget_type=\"divider.default\">\n\t\t\t\t<div class=\"elementor-widget-container\">\n\t\t\t\t\t\t\t<div class=\"elementor-divider\">\n\t\t\t<span class=\"elementor-divider-separator\">\n\t\t\t\t\t\t<\/span>\n\t\t<\/div>\n\t\t\t\t\t\t<\/div>\n\t\t\t\t<\/div>\n\t\t\t\t<div class=\"elementor-element elementor-element-e13f2d5 elementor-widget elementor-widget-heading\" data-id=\"e13f2d5\" data-element_type=\"widget\" data-widget_type=\"heading.default\">\n\t\t\t\t<div class=\"elementor-widget-container\">\n\t\t\t\t\t<h6 class=\"elementor-heading-title elementor-size-default\">Passo 1<\/h6>\t\t\t\t<\/div>\n\t\t\t\t<\/div>\n\t\t\t\t<div class=\"elementor-element elementor-element-5aeb5f5 elementor-widget elementor-widget-text-editor\" data-id=\"5aeb5f5\" data-element_type=\"widget\" data-widget_type=\"text-editor.default\">\n\t\t\t\t<div class=\"elementor-widget-container\">\n\t\t\t\t\t\t\t\t\t<p>Informa\u00e7\u00f5es do candidato<\/p>\t\t\t\t\t\t\t\t<\/div>\n\t\t\t\t<\/div>\n\t\t\t\t<\/div>\n\t\t<div class=\"elementor-element elementor-element-e17284b e-con-full e-flex e-con e-child\" data-id=\"e17284b\" data-element_type=\"container\" data-settings=\"{&quot;background_background&quot;:&quot;classic&quot;}\">\n\t\t\t\t<div class=\"elementor-element elementor-element-2924bf2 elementor-widget-divider--view-line elementor-widget elementor-widget-divider\" data-id=\"2924bf2\" data-element_type=\"widget\" data-widget_type=\"divider.default\">\n\t\t\t\t<div class=\"elementor-widget-container\">\n\t\t\t\t\t\t\t<div class=\"elementor-divider\">\n\t\t\t<span class=\"elementor-divider-separator\">\n\t\t\t\t\t\t<\/span>\n\t\t<\/div>\n\t\t\t\t\t\t<\/div>\n\t\t\t\t<\/div>\n\t\t\t\t<div class=\"elementor-element elementor-element-f67b767 elementor-widget elementor-widget-heading\" data-id=\"f67b767\" data-element_type=\"widget\" data-widget_type=\"heading.default\">\n\t\t\t\t<div class=\"elementor-widget-container\">\n\t\t\t\t\t<h6 class=\"elementor-heading-title elementor-size-default\">Passo 2<\/h6>\t\t\t\t<\/div>\n\t\t\t\t<\/div>\n\t\t\t\t<div class=\"elementor-element elementor-element-1920000 elementor-widget elementor-widget-text-editor\" data-id=\"1920000\" data-element_type=\"widget\" data-widget_type=\"text-editor.default\">\n\t\t\t\t<div class=\"elementor-widget-container\">\n\t\t\t\t\t\t\t\t\t<div><div id=\"step2\" class=\"steps__item steps__item-wait\"><div class=\"steps__item__content\"><div class=\"steps__item__subTitle\">Informa\u00e7\u00f5es do passaporte<\/div><\/div><\/div><\/div>\t\t\t\t\t\t\t\t<\/div>\n\t\t\t\t<\/div>\n\t\t\t\t<\/div>\n\t\t<div class=\"elementor-element elementor-element-9976f97 e-con-full e-flex e-con e-child\" data-id=\"9976f97\" data-element_type=\"container\" data-settings=\"{&quot;background_background&quot;:&quot;classic&quot;}\">\n\t\t\t\t<div class=\"elementor-element elementor-element-90ca202 elementor-widget-divider--view-line elementor-widget elementor-widget-divider\" data-id=\"90ca202\" data-element_type=\"widget\" data-widget_type=\"divider.default\">\n\t\t\t\t<div class=\"elementor-widget-container\">\n\t\t\t\t\t\t\t<div class=\"elementor-divider\">\n\t\t\t<span class=\"elementor-divider-separator\">\n\t\t\t\t\t\t<\/span>\n\t\t<\/div>\n\t\t\t\t\t\t<\/div>\n\t\t\t\t<\/div>\n\t\t\t\t<div class=\"elementor-element elementor-element-f99e39e elementor-widget elementor-widget-heading\" data-id=\"f99e39e\" data-element_type=\"widget\" data-widget_type=\"heading.default\">\n\t\t\t\t<div class=\"elementor-widget-container\">\n\t\t\t\t\t<h6 class=\"elementor-heading-title elementor-size-default\">Etapa 3<\/h6>\t\t\t\t<\/div>\n\t\t\t\t<\/div>\n\t\t\t\t<div class=\"elementor-element elementor-element-7238023 elementor-widget elementor-widget-text-editor\" data-id=\"7238023\" data-element_type=\"widget\" data-widget_type=\"text-editor.default\">\n\t\t\t\t<div class=\"elementor-widget-container\">\n\t\t\t\t\t\t\t\t\t<div><div id=\"step3\" class=\"steps__item steps__item-wait\"><div class=\"steps__item__content\"><div class=\"steps__item__subTitle\">Informations d&rsquo;\u00e9ligibilit\u00e9<\/div><\/div><\/div><\/div>\t\t\t\t\t\t\t\t<\/div>\n\t\t\t\t<\/div>\n\t\t\t\t<\/div>\n\t\t<div class=\"elementor-element elementor-element-e49a23d e-con-full e-flex e-con e-child\" data-id=\"e49a23d\" data-element_type=\"container\" data-settings=\"{&quot;background_background&quot;:&quot;classic&quot;}\">\n\t\t\t\t<div class=\"elementor-element elementor-element-6f7664c elementor-widget-divider--view-line elementor-widget elementor-widget-divider\" data-id=\"6f7664c\" data-element_type=\"widget\" data-widget_type=\"divider.default\">\n\t\t\t\t<div class=\"elementor-widget-container\">\n\t\t\t\t\t\t\t<div class=\"elementor-divider\">\n\t\t\t<span class=\"elementor-divider-separator\">\n\t\t\t\t\t\t<\/span>\n\t\t<\/div>\n\t\t\t\t\t\t<\/div>\n\t\t\t\t<\/div>\n\t\t\t\t<div class=\"elementor-element elementor-element-dd135aa elementor-widget elementor-widget-heading\" data-id=\"dd135aa\" data-element_type=\"widget\" data-widget_type=\"heading.default\">\n\t\t\t\t<div class=\"elementor-widget-container\">\n\t\t\t\t\t<h6 class=\"elementor-heading-title elementor-size-default\">Passo 4<\/h6>\t\t\t\t<\/div>\n\t\t\t\t<\/div>\n\t\t\t\t<div class=\"elementor-element elementor-element-711b058 elementor-widget elementor-widget-text-editor\" data-id=\"711b058\" data-element_type=\"widget\" data-widget_type=\"text-editor.default\">\n\t\t\t\t<div class=\"elementor-widget-container\">\n\t\t\t\t\t\t\t\t\t<section id=\"step-process\" class=\"head head-sm bg-head-block pb-0\"><div class=\"container\"><div class=\"row justify-content-center\"><div class=\"col-xxl-10 col-xl-12 col-lg-12 my-auto\"><div class=\"bg-sm bg-white\"><div id=\"stepper\" class=\"steps\"><div><div id=\"step5\" class=\"steps__item steps__item-wait\"><div class=\"steps__item__content\"><div class=\"steps__item__subTitle\">Informa\u00e7\u00f5es de viagem<\/div><\/div><\/div><\/div><\/div><\/div><\/div><\/div><\/div><\/section>\t\t\t\t\t\t\t\t<\/div>\n\t\t\t\t<\/div>\n\t\t\t\t<\/div>\n\t\t\t\t\t<\/div>\n\t\t\t\t<\/div>\n\t\t<div class=\"elementor-element elementor-element-8ee8f18 e-flex e-con-boxed e-con e-parent\" data-id=\"8ee8f18\" data-element_type=\"container\" data-settings=\"{&quot;background_background&quot;:&quot;classic&quot;}\">\n\t\t\t\t\t<div class=\"e-con-inner\">\n\t\t\t\t<div class=\"elementor-element elementor-element-5517f97 elementor-widget elementor-widget-spacer\" data-id=\"5517f97\" data-element_type=\"widget\" data-widget_type=\"spacer.default\">\n\t\t\t\t<div class=\"elementor-widget-container\">\n\t\t\t\t\t\t\t<div class=\"elementor-spacer\">\n\t\t\t<div class=\"elementor-spacer-inner\"><\/div>\n\t\t<\/div>\n\t\t\t\t\t\t<\/div>\n\t\t\t\t<\/div>\n\t\t\t\t\t<\/div>\n\t\t\t\t<\/div>\n\t\t<div class=\"elementor-element elementor-element-daaecae e-flex e-con-boxed e-con e-parent\" data-id=\"daaecae\" data-element_type=\"container\" data-settings=\"{&quot;background_background&quot;:&quot;classic&quot;}\">\n\t\t\t\t\t<div class=\"e-con-inner\">\n\t\t<div class=\"elementor-element elementor-element-5c8c2e3 e-con-full e-flex e-con e-child\" data-id=\"5c8c2e3\" data-element_type=\"container\" data-settings=\"{&quot;background_background&quot;:&quot;classic&quot;}\">\n\t\t\t\t<\/div>\n\t\t\t\t\t<\/div>\n\t\t\t\t<\/div>\n\t\t<div class=\"elementor-element elementor-element-dc7e6be e-flex e-con-boxed e-con e-parent\" data-id=\"dc7e6be\" data-element_type=\"container\" data-settings=\"{&quot;background_background&quot;:&quot;classic&quot;}\">\n\t\t\t\t\t<div class=\"e-con-inner\">\n\t\t\t\t<div class=\"elementor-element elementor-element-58a348d elementor-widget elementor-widget-spacer\" data-id=\"58a348d\" data-element_type=\"widget\" data-widget_type=\"spacer.default\">\n\t\t\t\t<div class=\"elementor-widget-container\">\n\t\t\t\t\t\t\t<div class=\"elementor-spacer\">\n\t\t\t<div class=\"elementor-spacer-inner\"><\/div>\n\t\t<\/div>\n\t\t\t\t\t\t<\/div>\n\t\t\t\t<\/div>\n\t\t\t\t\t<\/div>\n\t\t\t\t<\/div>\n\t\t\t\t<\/div>","protected":false},"excerpt":{"rendered":"<p>TRAITEMENT DU VISA ESTA POUR LES \u00c9TATS-UNIS Bienvenue, vous avez droit \u00e0 un permis d&rsquo;entr\u00e9e \u00e9lectronique aux [&hellip;]<\/p>","protected":false},"author":1,"featured_media":0,"parent":0,"menu_order":0,"comment_status":"closed","ping_status":"closed","template":"elementor_header_footer","meta":{"footnotes":""},"class_list":["post-254","page","type-page","status-publish","hentry"],"_links":{"self":[{"href":"https:\/\/esta.goglobe-assistance.com\/pt\/wp-json\/wp\/v2\/pages\/254","targetHints":{"allow":["GET"]}}],"collection":[{"href":"https:\/\/esta.goglobe-assistance.com\/pt\/wp-json\/wp\/v2\/pages"}],"about":[{"href":"https:\/\/esta.goglobe-assistance.com\/pt\/wp-json\/wp\/v2\/types\/page"}],"author":[{"embeddable":true,"href":"https:\/\/esta.goglobe-assistance.com\/pt\/wp-json\/wp\/v2\/users\/1"}],"replies":[{"embeddable":true,"href":"https:\/\/esta.goglobe-assistance.com\/pt\/wp-json\/wp\/v2\/comments?post=254"}],"version-history":[{"count":68,"href":"https:\/\/esta.goglobe-assistance.com\/pt\/wp-json\/wp\/v2\/pages\/254\/revisions"}],"predecessor-version":[{"id":1982,"href":"https:\/\/esta.goglobe-assistance.com\/pt\/wp-json\/wp\/v2\/pages\/254\/revisions\/1982"}],"wp:attachment":[{"href":"https:\/\/esta.goglobe-assistance.com\/pt\/wp-json\/wp\/v2\/media?parent=254"}],"curies":[{"name":"wp","href":"https:\/\/api.w.org\/{rel}","templated":true}]}}