{"id":495,"date":"2024-11-13T21:44:42","date_gmt":"2024-11-13T21:44:42","guid":{"rendered":"https:\/\/esta.goglobe-assistance.com\/?page_id=495"},"modified":"2025-08-12T11:39:55","modified_gmt":"2025-08-12T10:39:55","slug":"politique-des-cookies","status":"publish","type":"page","link":"https:\/\/esta.goglobe-assistance.com\/es\/politique-des-cookies\/","title":{"rendered":"Pol\u00edtica de cookies"},"content":{"rendered":"<div data-elementor-type=\"wp-page\" data-elementor-id=\"495\" class=\"elementor elementor-495\" data-elementor-post-type=\"page\">\n\t\t\t\t<div class=\"elementor-element elementor-element-4d044a51 e-flex e-con-boxed e-con e-parent\" data-id=\"4d044a51\" data-element_type=\"container\">\n\t\t\t\t\t<div class=\"e-con-inner\">\n\t\t\t\t<div class=\"elementor-element elementor-element-7fe68b3b elementor-widget elementor-widget-text-editor\" data-id=\"7fe68b3b\" data-element_type=\"widget\" data-widget_type=\"text-editor.default\">\n\t\t\t\t<div class=\"elementor-widget-container\">\n\t\t\t\t\t\t\t\t\t<p>\u00daltima actualizaci\u00f3n: 21\/05\/2024<\/p>\n<p><strong>1. Introducci\u00f3n<\/strong><\/p>\n<p>Esta Pol\u00edtica de Cookies explica c\u00f3mo Goglobe travel (en adelante, \u00abla Empresa\u00bb) utiliza cookies y tecnolog\u00edas similares en el sitio web goglobe-assistance.com (en adelante, \u00abel Sitio\u00bb). Al acceder y utilizar el Sitio, usted consiente el uso de cookies de acuerdo con esta pol\u00edtica, a menos que desactive las cookies en la configuraci\u00f3n de su navegador.<\/p>\n<p><b>2. Qu&rsquo;est-ce qu&rsquo;un Cookie ?<\/b><\/p>\n<p>Un cookie est un petit fichier texte d\u00e9pos\u00e9 sur l\u2019ordinateur ou l\u2019appareil mobile de l\u2019Utilisateur lorsque celui-ci visite le Site. Les cookies permettent de collecter des informations sur la navigation de l\u2019Utilisateur afin de faciliter l\u2019acc\u00e8s au Site et d&rsquo;am\u00e9liorer l\u2019exp\u00e9rience utilisateur.<\/p>\n<p><b>3. Tipos de cookies utilizadas<\/b><\/p>\n<p>Utilizamos varios tipos de cookies en nuestro Sitio para diferentes prop\u00f3sitos:<\/p>\n<ul>\n<li>Cookies esenciales: Estas cookies son necesarias para el correcto funcionamiento del Sitio y no se pueden desactivar. Le permiten utilizar las funciones principales, como el acceso a su cuenta segura.<\/li>\n<li>Cookies de rendimiento: estas cookies recopilan informaci\u00f3n an\u00f3nima sobre c\u00f3mo los visitantes utilizan el Sitio (p\u00e1ginas visitadas, errores, etc.) para mejorar su rendimiento y la experiencia del usuario.<\/li>\n<li>Cookies de funcionalidad: estas cookies permiten que el Sitio recuerde las elecciones que usted realiza (preferencias de idioma, configuraci\u00f3n regional) para brindarle una experiencia personalizada.<\/li>\n<li>Cookies Publicitaires : Nous pouvons utiliser ces cookies pour afficher des annonces cibl\u00e9es en fonction de vos centres d&rsquo;int\u00e9r\u00eat sur notre Site ou sur d&rsquo;autres sites. Ils collectent des informations relatives \u00e0 votre navigation et peuvent \u00eatre plac\u00e9s par nos partenaires publicitaires.<\/li>\n<\/ul>\n<p><b>4. Gesti\u00f3n de cookies<\/b><\/p>\n<p><b>4.1 Configuraci\u00f3n de cookies a trav\u00e9s del navegador<\/b><\/p>\n<p>La mayor\u00eda de los navegadores permiten gestionar las cookies en su configuraci\u00f3n. Puede bloquearlas, eliminar las ya instaladas o configurar una notificaci\u00f3n cada vez que se instale una. Tenga en cuenta que bloquear ciertas cookies puede afectar el correcto funcionamiento del Sitio.<\/p>\n<p><b>4.2 Configuraci\u00f3n a trav\u00e9s de nuestra herramienta de gesti\u00f3n de cookies<\/b><\/p>\n<p>En su primera visita, un banner de cookies le permite elegir las categor\u00edas de cookies que acepta. Puede cambiar sus preferencias en cualquier momento utilizando nuestra Pol\u00edtica de Privacidad o consultando la configuraci\u00f3n de privacidad del Sitio.<\/p>\n<p><b>5. Cookies de terceros<\/b><\/p>\n<p>Algunas cookies de nuestro Sitio son proporcionadas por terceros, como herramientas de an\u00e1lisis (Google Analytics) o redes publicitarias. Estos terceros pueden utilizar los datos recopilados a trav\u00e9s de sus cookies para ofrecerle anuncios personalizados seg\u00fan sus preferencias. Le invitamos a consultar las pol\u00edticas de privacidad de estos terceros para obtener m\u00e1s informaci\u00f3n.<\/p>\n<p><b>6. Duraci\u00f3n del almacenamiento de las cookies<\/b><\/p>\n<p>Las cookies tienen una vida \u00fatil limitada. Algunas se eliminan autom\u00e1ticamente al finalizar la sesi\u00f3n de navegaci\u00f3n, mientras que otras se almacenan durante un periodo espec\u00edfico. El periodo m\u00e1ximo de conservaci\u00f3n de las cookies que utilizamos es de 13 meses para cumplir con la normativa vigente.<\/p>\n<p><b>7. Cambios en la Pol\u00edtica de Cookies<\/b><\/p>\n<p>La Compa\u00f1\u00eda podr\u00e1 modificar esta Pol\u00edtica de Cookies para reflejar los cambios en nuestras pr\u00e1cticas. Los cambios se actualizar\u00e1n en esta p\u00e1gina y, si es necesario, se notificar\u00e1n a los usuarios. El uso continuado del Sitio tras la publicaci\u00f3n de los cambios implica la aceptaci\u00f3n de los mismos.<\/p>\n<p><b>8. Contacto<\/b><\/p>\n<p>Pour toute question concernant cette Politique de Cookies ou vos choix de confidentialit\u00e9, veuillez nous contacter \u00e0 l&rsquo;adresse suivante : contact@goglobe-assistance.com<\/p>\t\t\t\t\t\t\t\t<\/div>\n\t\t\t\t<\/div>\n\t\t\t\t\t<\/div>\n\t\t\t\t<\/div>\n\t\t\t\t<\/div>","protected":false},"excerpt":{"rendered":"<p>Derni\u00e8re mise \u00e0 jour : 21\/05\/2024 1. Introduction La pr\u00e9sente Politique de Cookies explique comment Goglobe travel(ci-apr\u00e8s [&hellip;]<\/p>","protected":false},"author":1,"featured_media":0,"parent":0,"menu_order":0,"comment_status":"closed","ping_status":"closed","template":"","meta":{"footnotes":""},"class_list":["post-495","page","type-page","status-publish","hentry"],"_links":{"self":[{"href":"https:\/\/esta.goglobe-assistance.com\/es\/wp-json\/wp\/v2\/pages\/495","targetHints":{"allow":["GET"]}}],"collection":[{"href":"https:\/\/esta.goglobe-assistance.com\/es\/wp-json\/wp\/v2\/pages"}],"about":[{"href":"https:\/\/esta.goglobe-assistance.com\/es\/wp-json\/wp\/v2\/types\/page"}],"author":[{"embeddable":true,"href":"https:\/\/esta.goglobe-assistance.com\/es\/wp-json\/wp\/v2\/users\/1"}],"replies":[{"embeddable":true,"href":"https:\/\/esta.goglobe-assistance.com\/es\/wp-json\/wp\/v2\/comments?post=495"}],"version-history":[{"count":12,"href":"https:\/\/esta.goglobe-assistance.com\/es\/wp-json\/wp\/v2\/pages\/495\/revisions"}],"predecessor-version":[{"id":1310,"href":"https:\/\/esta.goglobe-assistance.com\/es\/wp-json\/wp\/v2\/pages\/495\/revisions\/1310"}],"wp:attachment":[{"href":"https:\/\/esta.goglobe-assistance.com\/es\/wp-json\/wp\/v2\/media?parent=495"}],"curies":[{"name":"wp","href":"https:\/\/api.w.org\/{rel}","templated":true}]}}