{"id":493,"date":"2024-11-13T21:39:13","date_gmt":"2024-11-13T21:39:13","guid":{"rendered":"https:\/\/esta.goglobe-assistance.com\/?page_id=493"},"modified":"2025-08-12T11:40:01","modified_gmt":"2025-08-12T10:40:01","slug":"politique-de-confidentialite","status":"publish","type":"page","link":"https:\/\/esta.goglobe-assistance.com\/es\/politique-de-confidentialite\/","title":{"rendered":"pol\u00edtica de privacidad"},"content":{"rendered":"<div data-elementor-type=\"wp-page\" data-elementor-id=\"493\" class=\"elementor elementor-493\" data-elementor-post-type=\"page\">\n\t\t\t\t<div class=\"elementor-element elementor-element-a0e9288 e-flex e-con-boxed e-con e-parent\" data-id=\"a0e9288\" data-element_type=\"container\">\n\t\t\t\t\t<div class=\"e-con-inner\">\n\t\t\t\t<div class=\"elementor-element elementor-element-85b8c18 elementor-widget elementor-widget-text-editor\" data-id=\"85b8c18\" data-element_type=\"widget\" data-widget_type=\"text-editor.default\">\n\t\t\t\t<div class=\"elementor-widget-container\">\n\t\t\t\t\t\t\t\t\t<p>\u00daltima actualizaci\u00f3n: 15\/06\/2024<\/p>\t\t\t\t\t\t\t\t<\/div>\n\t\t\t\t<\/div>\n\t\t\t\t<div class=\"elementor-element elementor-element-56111c9 elementor-widget elementor-widget-text-editor\" data-id=\"56111c9\" data-element_type=\"widget\" data-widget_type=\"text-editor.default\">\n\t\t\t\t<div class=\"elementor-widget-container\">\n\t\t\t\t\t\t\t\t\t<p>Ce site Web s&rsquo;engage \u00e0 prot\u00e9ger la confidentialit\u00e9 de nos clients. Nous utilisons uniquement les informations que nous collectons pour traiter les commandes demand\u00e9es par nos clients. En tant que visiteur de notre site Web, vous avez le droit de comprendre nos pratiques en mati\u00e8re de confidentialit\u00e9 des informations. Nous comprenons que la soumission de vos informations sur Internet implique une grande confiance de votre part et nous prenons cette confiance tr\u00e8s au s\u00e9rieux. Notre priorit\u00e9 absolue est d&rsquo;assurer la s\u00e9curit\u00e9 et la confidentialit\u00e9 des informations personnelles identifiables de nos clients telles que le nom, l&rsquo;adresse, le num\u00e9ro de t\u00e9l\u00e9phone, l&rsquo;adresse e-mail et les d\u00e9tails de la carte. Veuillez consulter notre page Conditions g\u00e9n\u00e9rales pour plus d&rsquo;informations.<\/p>\t\t\t\t\t\t\t\t<\/div>\n\t\t\t\t<\/div>\n\t\t\t\t<div class=\"elementor-element elementor-element-5cd1e8e elementor-widget elementor-widget-heading\" data-id=\"5cd1e8e\" data-element_type=\"widget\" data-widget_type=\"heading.default\">\n\t\t\t\t<div class=\"elementor-widget-container\">\n\t\t\t\t\t<h4 class=\"elementor-heading-title elementor-size-default\">2. Datos recopilados<\/h4>\t\t\t\t<\/div>\n\t\t\t\t<\/div>\n\t\t\t\t<div class=\"elementor-element elementor-element-1a9c926 elementor-widget elementor-widget-text-editor\" data-id=\"1a9c926\" data-element_type=\"widget\" data-widget_type=\"text-editor.default\">\n\t\t\t\t<div class=\"elementor-widget-container\">\n\t\t\t\t\t\t\t\t\t<p>Nous ne collectons aucune information personnelle lorsque vous naviguez sur notre site Web. Si vous choisissez de commander l&rsquo;un de nos produits ou services, vous devez nous fournir volontairement votre nom, votre adresse, votre num\u00e9ro de t\u00e9l\u00e9phone, votre adresse e-mail et les informations de votre carte. Vos informations ne sont partag\u00e9es avec aucune personne, entreprise ou organisation \u00e0 d&rsquo;autres fins que de r\u00e9pondre \u00e0 votre demande de commande. Aucune information de carte n&rsquo;est stock\u00e9e sur nos serveurs \u00e0 aucun moment. \u00c0 des fins statistiques, nous avons install\u00e9 Google Analytics, dont vous pouvez retirer votre consentement en supprimant le fichier _ga de votre ordinateur.<\/p>\t\t\t\t\t\t\t\t<\/div>\n\t\t\t\t<\/div>\n\t\t\t\t<div class=\"elementor-element elementor-element-e2c5507 elementor-widget elementor-widget-heading\" data-id=\"e2c5507\" data-element_type=\"widget\" data-widget_type=\"heading.default\">\n\t\t\t\t<div class=\"elementor-widget-container\">\n\t\t\t\t\t<h4 class=\"elementor-heading-title elementor-size-default\">Galletas<\/h4>\t\t\t\t<\/div>\n\t\t\t\t<\/div>\n\t\t\t\t<div class=\"elementor-element elementor-element-cc04aa9 elementor-widget elementor-widget-text-editor\" data-id=\"cc04aa9\" data-element_type=\"widget\" data-widget_type=\"text-editor.default\">\n\t\t\t\t<div class=\"elementor-widget-container\">\n\t\t\t\t\t\t\t\t\t<p>Un cookie est un petit fichier texte qui est stock\u00e9 sur l&rsquo;ordinateur d&rsquo;un utilisateur \u00e0 des fins d&rsquo;archivage. Nous utilisons des cookies sur ce site. Nous ne relions pas les informations que nous stockons dans les cookies \u00e0 des informations personnelles identifiables que vous soumettez lorsque vous \u00eates sur notre site. Nous utilisons \u00e0 la fois des cookies d&rsquo;identification de session et des cookies persistants. Nous utilisons des cookies de session pour vous faciliter la navigation sur notre site. Un cookie d&rsquo;identification de session expire lorsque vous fermez votre navigateur. Un cookie persistant reste sur votre disque dur pendant une p\u00e9riode prolong\u00e9e. Vous pouvez supprimer les cookies persistants en suivant les instructions fournies dans le fichier \u00ab\u00a0aide\u00a0\u00bb de votre navigateur Internet ou en visitant notre page Cookies pour plus d&rsquo;informations. Les cookies persistants nous permettent \u00e9galement de suivre et de cibler les int\u00e9r\u00eats de nos utilisateurs afin d&rsquo;am\u00e9liorer l&rsquo;exp\u00e9rience sur notre site. Si vous refusez les cookies, vous pouvez toujours utiliser notre site, mais votre capacit\u00e9 \u00e0 utiliser certaines zones de notre site, telles que les concours ou les enqu\u00eates, sera limit\u00e9e. Si les cookies sont d\u00e9sactiv\u00e9s, vous ne pourrez peut-\u00eatre pas soumettre votre commande. Veuillez consulter notre politique compl\u00e8te sur les cookies pour plus d&rsquo;informations.<\/p>\t\t\t\t\t\t\t\t<\/div>\n\t\t\t\t<\/div>\n\t\t\t\t<div class=\"elementor-element elementor-element-531c4a5 elementor-widget elementor-widget-heading\" data-id=\"531c4a5\" data-element_type=\"widget\" data-widget_type=\"heading.default\">\n\t\t\t\t<div class=\"elementor-widget-container\">\n\t\t\t\t\t<h4 class=\"elementor-heading-title elementor-size-default\">Uso de sus datos<\/h4>\t\t\t\t<\/div>\n\t\t\t\t<\/div>\n\t\t\t\t<div class=\"elementor-element elementor-element-b922ac0 elementor-widget elementor-widget-text-editor\" data-id=\"b922ac0\" data-element_type=\"widget\" data-widget_type=\"text-editor.default\">\n\t\t\t\t<div class=\"elementor-widget-container\">\n\t\t\t\t\t\t\t\t\t<p>Les informations que vous nous fournissez volontairement ne sont utilis\u00e9es que pour traiter votre commande. Les donn\u00e9es des utilisateurs ne sont jamais divulgu\u00e9es \u00e0 des tiers, sauf indication contraire dans la pr\u00e9sente d\u00e9claration de confidentialit\u00e9. Nous divulguons vos informations personnelles comme l&rsquo;exige la loi, par exemple pour nous conformer \u00e0 une assignation \u00e0 compara\u00eetre ou \u00e0 une proc\u00e9dure judiciaire similaire lorsque nous pensons de bonne foi que la divulgation est n\u00e9cessaire pour prot\u00e9ger nos droits, prot\u00e9ger votre s\u00e9curit\u00e9 ou celle d&rsquo;autrui, enqu\u00eater sur une fraude ou r\u00e9pondre \u00e0 une demande gouvernementale, \u00e0 tout autre tiers avec votre consentement pr\u00e9alable.<\/p>\t\t\t\t\t\t\t\t<\/div>\n\t\t\t\t<\/div>\n\t\t\t\t<div class=\"elementor-element elementor-element-fc4d8b7 elementor-widget elementor-widget-heading\" data-id=\"fc4d8b7\" data-element_type=\"widget\" data-widget_type=\"heading.default\">\n\t\t\t\t<div class=\"elementor-widget-container\">\n\t\t\t\t\t<h4 class=\"elementor-heading-title elementor-size-default\">Enlaces a otros sitios web<\/h4>\t\t\t\t<\/div>\n\t\t\t\t<\/div>\n\t\t\t\t<div class=\"elementor-element elementor-element-0643002 elementor-widget elementor-widget-text-editor\" data-id=\"0643002\" data-element_type=\"widget\" data-widget_type=\"text-editor.default\">\n\t\t\t\t<div class=\"elementor-widget-container\">\n\t\t\t\t\t\t\t\t\t<p>Sur notre site, il existe des liens sortants vers d&rsquo;autres sites dans le but de fournir aux visiteurs des informations suppl\u00e9mentaires sur nos services et de pr\u00e9senter les sites que nous recommandons. Le fait que nous fournissions ces liens ne signifie cependant pas que nous approuvons ou cautionnons le contenu, les services ou les produits propos\u00e9s par ces sites. Si vous suivez les liens, nous ne pouvons \u00eatre tenus responsables de la mani\u00e8re dont vous pouvez utiliser ces sites, ni du contenu qu&rsquo;ils incluent. Lorsque vous visitez le site d&rsquo;un fournisseur tiers, nous vous recommandons vivement de lire attentivement ses conditions g\u00e9n\u00e9rales.<\/p><p>Dans certains cas, les visiteurs peuvent arriver sur notre site via un lien fourni par un tiers. Dans ce cas, nous ne pouvons \u00eatre tenus responsables de la mani\u00e8re dont l&rsquo;autre site est utilis\u00e9 ou de son contenu. Nous vous recommandons de lire attentivement les conditions g\u00e9n\u00e9rales du site. Les sites tiers avec des liens vers www.usimmigrationsupport.org ne sont pas propos\u00e9s par nous et ne sont pas sous le contr\u00f4le de notre soci\u00e9t\u00e9. Dans les cas o\u00f9 nous cr\u00e9ons des liens vers des sites tiers, nous faisons tout notre possible pour garantir que ces sites ne violent aucune exigence l\u00e9gale. Cependant, il n&rsquo;est pas possible de proc\u00e9der \u00e0 des examens continus ou permanents du statut de ces sites, et il serait d\u00e9raisonnable de s&rsquo;attendre \u00e0 ce que nous le fassions. Tous les liens que nous autorisons renvoient \u00e0 des sites dont nous ne pouvons pas d\u00e9tecter qu&rsquo;ils ont viol\u00e9 une quelconque exigence l\u00e9gale. Si nous d\u00e9tectons de telles violations, toutes les mesures seront imm\u00e9diatement prises afin de rem\u00e9dier \u00e0 la situation.<\/p>\t\t\t\t\t\t\t\t<\/div>\n\t\t\t\t<\/div>\n\t\t\t\t<div class=\"elementor-element elementor-element-68ed6c0 elementor-widget elementor-widget-heading\" data-id=\"68ed6c0\" data-element_type=\"widget\" data-widget_type=\"heading.default\">\n\t\t\t\t<div class=\"elementor-widget-container\">\n\t\t\t\t\t<h4 class=\"elementor-heading-title elementor-size-default\">Acceso a informaci\u00f3n de identificaci\u00f3n personal<\/h4>\t\t\t\t<\/div>\n\t\t\t\t<\/div>\n\t\t\t\t<div class=\"elementor-element elementor-element-61b22bb elementor-widget elementor-widget-text-editor\" data-id=\"61b22bb\" data-element_type=\"widget\" data-widget_type=\"text-editor.default\">\n\t\t\t\t<div class=\"elementor-widget-container\">\n\t\t\t\t\t\t\t\t\t<p>Si su informaci\u00f3n de identificaci\u00f3n personal cambia, o si ya no desea beneficiarse de nuestro servicio, puede hacer lo siguiente: corregirla, actualizarla, modificarla, eliminarla\/eliminarla o desactivarla, comunic\u00e1ndose con nuestro servicio de atenci\u00f3n al cliente: contact@goglobe-assistance.com<\/p>\n<p><strong>Partage d&rsquo;informations<\/strong><\/p>\n<p>Nous ne pouvons partager vos informations que si nous sommes l\u00e9galement tenus de fournir des informations sur les utilisateurs ou des informations d&rsquo;acc\u00e8s individuelles li\u00e9es \u00e0 un organisme charg\u00e9 de l&rsquo;application de la loi, \u00e0 un tribunal ou \u00e0 un autre organisme gouvernemental en r\u00e9ponse \u00e0 leur demande, assignation ou ordonnance du tribunal. Nous ne partageons pas vos informations \u00e0 des fins de marketing ou autres.<\/p>\n<p><strong>Seguridad<\/strong><\/p>\n<p>Notre panier d&rsquo;achat comprend un certificat Secure Socket Layer (SSL) pour prot\u00e9ger les informations de nos clients lors de leurs achats en ligne. La technologie SSL crypte le nom, l&rsquo;adresse et les informations de carte des clients entre votre ordinateur et notre serveur. Nous travaillons en \u00e9troite collaboration avec Visa, MasterCard et American Express pour \u00e9liminer toute transaction frauduleuse. Il est facile de voir que votre connexion est s\u00e9curis\u00e9e car l&rsquo;URL de votre site Web passera de http:\/\/ \u00e0 https:\/\/ indiquant que la connexion est s\u00e9curis\u00e9e pendant le processus de paiement. Nous suivons les normes industrielles g\u00e9n\u00e9ralement accept\u00e9es pour prot\u00e9ger les informations personnelles qui nous sont soumises, \u00e0 la fois pendant la transmission et une fois que nous les recevons. Cependant, aucune m\u00e9thode de transmission sur Internet ou de stockage \u00e9lectronique n&rsquo;est s\u00fbre \u00e0 100 %. Par cons\u00e9quent, bien que nous nous efforcions d&rsquo;utiliser des moyens commercialement acceptables pour prot\u00e9ger vos informations personnelles, nous ne pouvons pas garantir leur s\u00e9curit\u00e9 absolue.<\/p>\n<p><strong>La Directiva sobre privacidad electr\u00f3nica<\/strong><\/p>\n<p>Nous ne pouvons partager vos informations que si nous sommes l\u00e9galement tenus de fournir des informations utilisateur ou des informations d&rsquo;acc\u00e8s individuelles li\u00e9es \u00e0 un organisme charg\u00e9 de l&rsquo;application de la loi, \u00e0 un tribunal ou \u00e0 un autre organisme gouvernemental en r\u00e9ponse \u00e0 leur demande, assignation ou ordonnance du tribunal. Nous ne partageons pas vos informations \u00e0 des fins de marketing ou autres.<\/p>\n<p><strong>La Directiva sobre privacidad electr\u00f3nica<\/strong><\/p>\n<p>Cumplimos con la Ley de Protecci\u00f3n de Datos de 2018, que describe los requisitos para las empresas con respecto a la protecci\u00f3n de la privacidad del cliente y c\u00f3mo se procesan todos los datos personales.<\/p>\n<p><strong>Cambios a esta Declaraci\u00f3n de Privacidad<\/strong><br>Si nous d\u00e9cidons de modifier notre politique de confidentialit\u00e9, nous publierons ces modifications dans cette d\u00e9claration de confidentialit\u00e9, sur la page d&rsquo;accueil et \u00e0 d&rsquo;autres endroits que nous jugeons appropri\u00e9s afin que vous sachiez quelles informations nous collectons, comment nous les utilisons et dans quelles circonstances, le cas \u00e9ch\u00e9ant, nous les divulguons. Nous nous r\u00e9servons le droit de modifier cette d\u00e9claration de confidentialit\u00e9 \u00e0 tout moment, veuillez donc la consulter fr\u00e9quemment. Si nous apportons des modifications importantes \u00e0 cette politique, nous vous en informerons ici, par e-mail ou au moyen d&rsquo;un avis sur notre page d&rsquo;accueil.<\/p>\n<p>Le r\u00e8glement g\u00e9n\u00e9ral sur la protection des donn\u00e9es (RGPD) est un cadre r\u00e9glementaire pour le traitement des donn\u00e9es personnelles dans l&rsquo;Union europ\u00e9enne (UE) et l&rsquo;Espace \u00e9conomique europ\u00e9en (EEE).<\/p>\n<p>El Parlamento Europeo y el Consejo implementaron la norma (UE 2016\/79) el 27 de abril de 2016.<\/p>\n<p><strong>Los principales objetivos del RGPD son:<\/strong><\/p>\n<ol>\n<li>offrir aux r\u00e9sidents de l&rsquo;UE un meilleur contr\u00f4le sur les donn\u00e9es fournies aux entreprises<\/li>\n<li>fournir aux entreprises un cadre \u00e0 suivre lors du traitement des donn\u00e9es des r\u00e9sidents de l&rsquo;UE<\/li>\n<\/ol>\n<p>Les gouvernements en dehors de l&rsquo;UE\/EEE appliquent diverses r\u00e8gles sur le traitement des donn\u00e9es personnelles. Certains syst\u00e8mes r\u00e9glementaires sont comparables au RGPD, tandis que d&rsquo;autres sont nettement plus restrictifs. Les entreprises mondiales adh\u00e8rent souvent au cadre du RGPD, qui est consid\u00e9r\u00e9 comme une norme de premier plan pour le traitement des donn\u00e9es. Internet est compos\u00e9 de millions de sites Web, dont chacun n\u00e9cessite que certaines donn\u00e9es soient plac\u00e9es sur les ordinateurs des visiteurs.<\/p>\n<p>Los datos registrados se pueden clasificar de la siguiente manera:<\/p>\n<ul>\n<li>Rastreable<\/li>\n<li>No rastreable<\/li>\n<\/ul>\n<p>Ce site Web ne n\u00e9cessite aucune donn\u00e9e tra\u00e7able enregistr\u00e9e sur les ordinateurs des visiteurs pour fonctionner correctement. Les visiteurs sont totalement anonymes. Les seules donn\u00e9es non tra\u00e7ables collect\u00e9es sont destin\u00e9es \u00e0 l&rsquo;analyse technique. Pour s\u00e9curiser les transferts de donn\u00e9es vers et depuis notre site Web, nous utilisons SSL (Secure Socket Layer).<\/p>\n<p>Solo los visitantes que nos contactan env\u00edan datos rastreables. Lo que escriba en su correo electr\u00f3nico y lo que incluya en \u00e9l es su entera decisi\u00f3n. Si nos contacta, tendremos acceso a la informaci\u00f3n que nos env\u00ede. Tras responder a su correo electr\u00f3nico, este se eliminar\u00e1 permanentemente, junto con cualquier archivo adjunto que haya incluido, despu\u00e9s de 60 d\u00edas.<\/p>\n<p>Nous ne conservons aucune information personnellement identifiable pour toute autre raison que pour offrir nos services et r\u00e9pondre \u00e0 vos questions. Ce site Web est con\u00e7u pour les visiteurs \u00e2g\u00e9s d&rsquo;au moins 18 ans.<\/p>\n<p>Si tiene alguna pregunta sobre el RGPD o la privacidad, comun\u00edquese con el Responsable de Protecci\u00f3n de Datos en cualquier momento: contact@goglobe-assistance.com<\/p>\n<p><strong>Contacte con nuestro departamento legal<\/strong><br>Envoyez-nous un e-mail \u00e0 contact@goglobe-assistance.com pour obtenir de l&rsquo;aide.<\/p>\t\t\t\t\t\t\t\t<\/div>\n\t\t\t\t<\/div>\n\t\t\t\t\t<\/div>\n\t\t\t\t<\/div>\n\t\t\t\t<\/div>","protected":false},"excerpt":{"rendered":"<p>Derni\u00e8re mise \u00e0 jour : 15\/06\/2024 Ce site Web s&rsquo;engage \u00e0 prot\u00e9ger la confidentialit\u00e9 de nos clients. [&hellip;]<\/p>","protected":false},"author":1,"featured_media":0,"parent":0,"menu_order":0,"comment_status":"closed","ping_status":"closed","template":"","meta":{"footnotes":""},"class_list":["post-493","page","type-page","status-publish","hentry"],"_links":{"self":[{"href":"https:\/\/esta.goglobe-assistance.com\/es\/wp-json\/wp\/v2\/pages\/493","targetHints":{"allow":["GET"]}}],"collection":[{"href":"https:\/\/esta.goglobe-assistance.com\/es\/wp-json\/wp\/v2\/pages"}],"about":[{"href":"https:\/\/esta.goglobe-assistance.com\/es\/wp-json\/wp\/v2\/types\/page"}],"author":[{"embeddable":true,"href":"https:\/\/esta.goglobe-assistance.com\/es\/wp-json\/wp\/v2\/users\/1"}],"replies":[{"embeddable":true,"href":"https:\/\/esta.goglobe-assistance.com\/es\/wp-json\/wp\/v2\/comments?post=493"}],"version-history":[{"count":21,"href":"https:\/\/esta.goglobe-assistance.com\/es\/wp-json\/wp\/v2\/pages\/493\/revisions"}],"predecessor-version":[{"id":1303,"href":"https:\/\/esta.goglobe-assistance.com\/es\/wp-json\/wp\/v2\/pages\/493\/revisions\/1303"}],"wp:attachment":[{"href":"https:\/\/esta.goglobe-assistance.com\/es\/wp-json\/wp\/v2\/media?parent=493"}],"curies":[{"name":"wp","href":"https:\/\/api.w.org\/{rel}","templated":true}]}}