{"id":489,"date":"2024-11-13T21:12:57","date_gmt":"2024-11-13T21:12:57","guid":{"rendered":"https:\/\/esta.goglobe-assistance.com\/?page_id=489"},"modified":"2025-08-12T11:42:16","modified_gmt":"2025-08-12T10:42:16","slug":"mentions-legales","status":"publish","type":"page","link":"https:\/\/esta.goglobe-assistance.com\/es\/mentions-legales\/","title":{"rendered":"Avisos legales\u00a0"},"content":{"rendered":"<div data-elementor-type=\"wp-page\" data-elementor-id=\"489\" class=\"elementor elementor-489\" data-elementor-post-type=\"page\">\n\t\t\t\t<div class=\"elementor-element elementor-element-c89451d e-flex e-con-boxed e-con e-parent\" data-id=\"c89451d\" data-element_type=\"container\">\n\t\t\t\t\t<div class=\"e-con-inner\">\n\t\t\t\t<div class=\"elementor-element elementor-element-929098d elementor-widget elementor-widget-text-editor\" data-id=\"929098d\" data-element_type=\"widget\" data-widget_type=\"text-editor.default\">\n\t\t\t\t<div class=\"elementor-widget-container\">\n\t\t\t\t\t\t\t\t\t<p>GO GLOBE ASSISTANCE y este dominio no est\u00e1n afiliados a ninguna agencia gubernamental ni agencia de gobierno extranjera.<\/p><p>Ce site Web est g\u00e9r\u00e9 par une agence de voyage en France; USA et UK, Goglobe Travel. Notre mission est d&rsquo;aider les immigrants et les voyageurs \u00e0 traverser le syst\u00e8me complexe d&rsquo;immigration des \u00c9tats-Unis avec nos guides d&rsquo;immigration \u00e0 faire soi-m\u00eame et nos conseils en mati\u00e8re d&rsquo;autorisation de voyage.<\/p><p>Tous les candidats peuvent postuler directement sur uscis.gov ou travel.state.gov sans notre aide. L&rsquo;utilisation de ce site Web n&rsquo;\u00e9tablit pas de relation assurance-client.<\/p><p>Les politiques concernant les documents de voyage sont d\u00e9termin\u00e9es par l&rsquo;autorit\u00e9 \u00e9mettrice, d\u00e9crivant les exigences auxquelles les ressortissants \u00e9trangers doivent satisfaire pour voyager, entrer et s\u00e9journer dans un autre pays.<\/p><p>Toutes les informations fournies doivent \u00eatre exactes, car les documents de voyage peuvent \u00eatre r\u00e9voqu\u00e9s par l&rsquo;autorit\u00e9 \u00e9mettrice pour diverses raisons. La fourniture d\u00e9lib\u00e9r\u00e9e de fausses informations peut entra\u00eener des sanctions.<\/p><p>Les prix indiqu\u00e9s pour les services d&rsquo;assistance aux demandes peuvent inclure des frais gouvernementaux. Les avis sur le site Web refl\u00e8tent des exp\u00e9riences pass\u00e9es et ne sont pas indicatifs de r\u00e9sultats individuels.<\/p><p>Les informations sur les questions d&rsquo;immigration fournies sur le site Web sont uniquement \u00e0 des fins d&rsquo;information g\u00e9n\u00e9rale et ne doivent pas \u00eatre consid\u00e9r\u00e9es comme des conseils juridiques. Les utilisateurs doivent consulter un avocat pour des questions juridiques sp\u00e9cifiques si n\u00e9cessaire.<\/p><p>Bien que des efforts soient faits pour maintenir le site Web pr\u00e9cis et \u00e0 jour, GOGLOBE ASSISTANCE ne garantit pas l&rsquo;exhaustivit\u00e9 ou l&rsquo;exactitude des informations fournies. Le site Web peut conna\u00eetre une indisponibilit\u00e9 temporaire en raison de probl\u00e8mes techniques ind\u00e9pendants de sa volont\u00e9.<\/p><p>GOGLOBE ASSISTANCE n&rsquo;est pas responsable des mat\u00e9riaux, produits ou services sur des sites Web externes li\u00e9s \u00e0 ou \u00e0 partir de leur site. Les utilisateurs acceptent les clauses de non-responsabilit\u00e9 et les conditions juridiques en visitant ce site Web.<\/p>\t\t\t\t\t\t\t\t<\/div>\n\t\t\t\t<\/div>\n\t\t\t\t\t<\/div>\n\t\t\t\t<\/div>\n\t\t\t\t<\/div>","protected":false},"excerpt":{"rendered":"<p>GO GLOBE ASSISTANCE et ce domaine ne sont affili\u00e9s \u00e0 aucune agence gouvernementale ou agence gouvernementale \u00e9trang\u00e8re. [&hellip;]<\/p>","protected":false},"author":1,"featured_media":0,"parent":0,"menu_order":0,"comment_status":"closed","ping_status":"closed","template":"","meta":{"footnotes":""},"class_list":["post-489","page","type-page","status-publish","hentry"],"_links":{"self":[{"href":"https:\/\/esta.goglobe-assistance.com\/es\/wp-json\/wp\/v2\/pages\/489","targetHints":{"allow":["GET"]}}],"collection":[{"href":"https:\/\/esta.goglobe-assistance.com\/es\/wp-json\/wp\/v2\/pages"}],"about":[{"href":"https:\/\/esta.goglobe-assistance.com\/es\/wp-json\/wp\/v2\/types\/page"}],"author":[{"embeddable":true,"href":"https:\/\/esta.goglobe-assistance.com\/es\/wp-json\/wp\/v2\/users\/1"}],"replies":[{"embeddable":true,"href":"https:\/\/esta.goglobe-assistance.com\/es\/wp-json\/wp\/v2\/comments?post=489"}],"version-history":[{"count":17,"href":"https:\/\/esta.goglobe-assistance.com\/es\/wp-json\/wp\/v2\/pages\/489\/revisions"}],"predecessor-version":[{"id":1300,"href":"https:\/\/esta.goglobe-assistance.com\/es\/wp-json\/wp\/v2\/pages\/489\/revisions\/1300"}],"wp:attachment":[{"href":"https:\/\/esta.goglobe-assistance.com\/es\/wp-json\/wp\/v2\/media?parent=489"}],"curies":[{"name":"wp","href":"https:\/\/api.w.org\/{rel}","templated":true}]}}