{"id":444,"date":"2024-11-22T15:20:07","date_gmt":"2024-11-22T15:20:07","guid":{"rendered":"https:\/\/esta.goglobe-assistance.com\/?page_id=444"},"modified":"2025-06-13T22:59:47","modified_gmt":"2025-06-13T21:59:47","slug":"refund_returns","status":"publish","type":"page","link":"https:\/\/esta.goglobe-assistance.com\/es\/refund_returns\/","title":{"rendered":"Politique de remboursement"},"content":{"rendered":"<div data-elementor-type=\"wp-page\" data-elementor-id=\"444\" class=\"elementor elementor-444\" data-elementor-post-type=\"page\">\n\t\t\t\t<div class=\"elementor-element elementor-element-9afef80 e-con-full e-flex e-con e-parent\" data-id=\"9afef80\" data-element_type=\"container\">\n\t\t\t\t<div class=\"elementor-element elementor-element-36ea0cc elementor-widget elementor-widget-text-editor\" data-id=\"36ea0cc\" data-element_type=\"widget\" data-widget_type=\"text-editor.default\">\n\t\t\t\t<div class=\"elementor-widget-container\">\n\t\t\t\t\t\t\t\t\t<p>Tous les produits et services achet\u00e9s sur ce site Web sont enti\u00e8rement remboursables dans les 90 jours suivant la date d&rsquo;achat. La demande de remboursement doit \u00eatre soumise dans les 90 jours suivant la date de r\u00e9ception de la commande. Goglobe Assistance se r\u00e9serve le droit de ne pas \u00e9mettre de remboursement si la demande est re\u00e7ue apr\u00e8s 90 jours \u00e0 compter de la date d&rsquo;achat. Les remboursements pour les transactions par carte sont \u00e9mis dans les 2 jours ouvrables. Si vous avez des questions concernant votre commande, veuillez contacter notre service client. Si vous souhaitez annuler votre commande, veuillez nous contacter en indiquant les raisons de la demande d&rsquo;annulation. Vous ne devez pas contacter votre soci\u00e9t\u00e9 de carte ou votre banque pour d\u00e9poser un litige, car cela ne fera que retarder le processus de remboursement.<\/p>\n<p><strong>Contactez notre service de facturation<\/strong><br>Envoyez-nous un e-mail \u00e0 contact@goglobe-assistance.com pour obtenir de l&rsquo;aide.<\/p>\t\t\t\t\t\t\t\t<\/div>\n\t\t\t\t<\/div>\n\t\t\t\t<\/div>\n\t\t\t\t<\/div>","protected":false},"excerpt":{"rendered":"<p>Tous les produits et services achet\u00e9s sur ce site Web sont enti\u00e8rement remboursables dans les 90 jours [&hellip;]<\/p>","protected":false},"author":1,"featured_media":0,"parent":0,"menu_order":0,"comment_status":"closed","ping_status":"closed","template":"","meta":{"footnotes":""},"class_list":["post-444","page","type-page","status-publish","hentry"],"_links":{"self":[{"href":"https:\/\/esta.goglobe-assistance.com\/es\/wp-json\/wp\/v2\/pages\/444","targetHints":{"allow":["GET"]}}],"collection":[{"href":"https:\/\/esta.goglobe-assistance.com\/es\/wp-json\/wp\/v2\/pages"}],"about":[{"href":"https:\/\/esta.goglobe-assistance.com\/es\/wp-json\/wp\/v2\/types\/page"}],"author":[{"embeddable":true,"href":"https:\/\/esta.goglobe-assistance.com\/es\/wp-json\/wp\/v2\/users\/1"}],"replies":[{"embeddable":true,"href":"https:\/\/esta.goglobe-assistance.com\/es\/wp-json\/wp\/v2\/comments?post=444"}],"version-history":[{"count":7,"href":"https:\/\/esta.goglobe-assistance.com\/es\/wp-json\/wp\/v2\/pages\/444\/revisions"}],"predecessor-version":[{"id":1307,"href":"https:\/\/esta.goglobe-assistance.com\/es\/wp-json\/wp\/v2\/pages\/444\/revisions\/1307"}],"wp:attachment":[{"href":"https:\/\/esta.goglobe-assistance.com\/es\/wp-json\/wp\/v2\/media?parent=444"}],"curies":[{"name":"wp","href":"https:\/\/api.w.org\/{rel}","templated":true}]}}