{"id":1158,"date":"2024-11-22T15:02:57","date_gmt":"2024-11-22T15:02:57","guid":{"rendered":"https:\/\/esta.goglobe-assistance.com\/?page_id=1158"},"modified":"2025-08-15T22:52:30","modified_gmt":"2025-08-15T21:52:30","slug":"conditions-et-termes","status":"publish","type":"page","link":"https:\/\/esta.goglobe-assistance.com\/es\/conditions-et-termes\/","title":{"rendered":"Conditions et Termes"},"content":{"rendered":"<div data-elementor-type=\"wp-page\" data-elementor-id=\"1158\" class=\"elementor elementor-1158\" data-elementor-post-type=\"page\">\n\t\t\t\t<div class=\"elementor-element elementor-element-0ed4675 e-flex e-con-boxed e-con e-parent\" data-id=\"0ed4675\" data-element_type=\"container\">\n\t\t\t\t\t<div class=\"e-con-inner\">\n\t\t\t\t<div class=\"elementor-element elementor-element-95f6041 elementor-widget elementor-widget-text-editor\" data-id=\"95f6041\" data-element_type=\"widget\" data-widget_type=\"text-editor.default\">\n\t\t\t\t<div class=\"elementor-widget-container\">\n\t\t\t\t\t\t\t\t\t<p><strong>\u00c0 propos de ce site Web<\/strong><\/p><p>Ce site Web est g\u00e9r\u00e9 par une agence de voyage GOGLOBE TRAVEL. Notre mission est d&rsquo;aider les immigrants et les voyageurs \u00e0 traverser le syst\u00e8me complexe d&rsquo;immigration des \u00c9tats-Unis gr\u00e2ce \u00e0 notre conseil en autorisation de voyage. Tous les candidats peuvent postuler directement sur uscis.gov ou travel.state.gov sans notre aide. Des clauses de non-responsabilit\u00e9 sont situ\u00e9es au pied de chaque page de ce site Web.<\/p><p><strong>Nuestros servicios<\/strong><\/p><p>Conseil eVisa : Ce site Web propose d&rsquo;examiner et de traiter les autorisations de voyage pour les visiteurs qui souhaitent obtenir de l&rsquo;aide dans ce processus.<br \/>Politique de livraison<\/p><p>Le d\u00e9lai de traitement des eVisas peut prendre jusqu&rsquo;\u00e0 5 jours, mais notre \u00e9quipe d\u00e9marre le processus de demande d\u00e8s r\u00e9ception de la demande. Les eVisas sont livr\u00e9s par e-mail d\u00e8s que nous recevons les eVisas approuv\u00e9s.<br \/>Monnaie des transactions<\/p><p>Tous les services sont vendus en dollars am\u00e9ricains.<\/p><p><b>Politique de remboursement<\/b><\/p><p>Tous les produits et services achet\u00e9s sur ce site Web sont enti\u00e8rement remboursables dans les 90 jours suivant la date d&rsquo;achat. La demande de remboursement doit \u00eatre soumise dans les 90 jours suivant la r\u00e9ception de la commande. Nous nous r\u00e9servons le droit de ne pas proc\u00e9der \u00e0 un remboursement si la demande est re\u00e7ue apr\u00e8s 90 jours \u00e0 compter de la date d&rsquo;achat. Les remboursements pour les transactions par carte sont effectu\u00e9s dans les 2 jours ouvrables. Si vous avez des questions concernant votre commande, veuillez contacter notre service client. Si vous souhaitez annuler votre commande, veuillez nous contacter en indiquant les raisons de la demande d&rsquo;annulation. Vous ne devez pas contacter votre soci\u00e9t\u00e9 de carte ou votre banque pour d\u00e9poser un litige, car cela ne ferait que retarder le processus de remboursement.<\/p><p><b>Facturation r\u00e9currente<\/b><\/p><p>Ce site Web n&rsquo;offre aucun type de produits ou services assortis d&rsquo;une facturation r\u00e9currente. Tous les achats sur ce site Web sont des transactions uniques.<\/p><p><b>Erreurs typographiques<\/b><\/p><p>Dans le cas o\u00f9 un produit ou un service est r\u00e9pertori\u00e9 par erreur \u00e0 un prix incorrect, nous nous r\u00e9servons le droit de refuser ou d&rsquo;annuler toute commande r\u00e9pertori\u00e9e \u00e0 un prix incorrect. Dans le cas o\u00f9 votre carte a \u00e9t\u00e9 d\u00e9bit\u00e9e, un remboursement complet sera \u00e9mis \u00e0 hauteur du prix incorrect.<\/p><p><b>Liens<\/b><\/p><p>Ce site Web contient des hyperliens qui peuvent vous conduire hors de ce site Web. Des liens sont mis \u00e0 votre disposition pour votre commodit\u00e9. Cependant, l&rsquo;inclusion de tout lien n&rsquo;implique pas l&rsquo;approbation ou l&rsquo;approbation de notre soci\u00e9t\u00e9. Nous ne sommes pas responsables des liens vers et depuis notre domaine. Le cadrage de notre site Web \u00e0 quelque niveau que ce soit est interdit.<\/p><p><b>Informations sur les droits d&rsquo;auteur<\/b><\/p><p>Tous les produits de ce site Web sont publi\u00e9s par notre soci\u00e9t\u00e9 et sont prot\u00e9g\u00e9s par les lois sur les droits d&rsquo;auteur. L&rsquo;autorisation d&rsquo;utilisation de notre propri\u00e9t\u00e9 intellectuelle doit \u00eatre faite par \u00e9crit \u00e0 notre service juridique.<\/p><p><b>Droits de propri\u00e9t\u00e9 intellectuelle<\/b><\/p><p>Sauf indication contraire, nous sommes le d\u00e9tenteur des droits d&rsquo;auteur de tout le contenu, de la mise en page, de la conception, des donn\u00e9es, des graphiques, des marques commerciales et des logos sous ce domaine. Le contenu est prot\u00e9g\u00e9 par les lois internationales sur les droits d&rsquo;auteur. Nous ferons tout notre possible pour prot\u00e9ger nos droits, nos employ\u00e9s, nos clients, nos membres et notre propri\u00e9t\u00e9 intellectuelle. Nous n&rsquo;h\u00e9siterons pas \u00e0 engager des poursuites judiciaires si n\u00e9cessaire. L&rsquo;autorisation d&rsquo;utilisation de notre propri\u00e9t\u00e9 intellectuelle doit \u00eatre faite en contactant notre service juridique.<\/p><p><b>Limitation de responsabilit\u00e9<\/b><\/p><p>Nous ne serons pas responsables des dommages sp\u00e9ciaux ou cons\u00e9cutifs r\u00e9sultant de l&rsquo;utilisation ou de l&rsquo;impossibilit\u00e9 d&rsquo;utiliser les mat\u00e9riaux de ce site Web ou les performances des produits, m\u00eame si nous avons \u00e9t\u00e9 inform\u00e9s de la possibilit\u00e9 de tels dommages. La loi applicable peut ne pas autoriser la limitation ou l&rsquo;exclusion de responsabilit\u00e9 ou les dommages accessoires ou indirects, de sorte que la limitation ou l&rsquo;exclusion ci-dessus peut ne pas s&rsquo;appliquer \u00e0 vous.<\/p><p><b>Limitation d&rsquo;utilisation personnelle<\/b><\/p><p>Les informations, actualit\u00e9s, articles, e-mails, produits et services fournis par notre soci\u00e9t\u00e9 sont destin\u00e9s \u00e0 votre usage personnel et non commercial. Vous ne pouvez pas modifier, copier, distribuer, transmettre, afficher, ex\u00e9cuter, reproduire, publier, conc\u00e9der sous licence, cr\u00e9er des \u0153uvres d\u00e9riv\u00e9es, transf\u00e9rer ou vendre toute information ou autre contenu, produit ou service obtenu \u00e0 partir de ce site Web sans l&rsquo;autorisation \u00e9crite expresse de notre service juridique.<\/p><p><b>Clause de non-responsabilit\u00e9 relative \u00e0 la garantie<\/b><\/p><p>Ce site et les documents et produits de ce site sont fournis \u00ab tels quels \u00bb et sans garantie d&rsquo;aucune sorte, expresse ou implicite. Dans toute la mesure permise par la loi applicable, ce site Web d\u00e9cline toute garantie, expresse ou implicite, y compris, mais sans s&rsquo;y limiter, les garanties implicites de qualit\u00e9 marchande et d&rsquo;ad\u00e9quation \u00e0 un usage particulier et de non-contrefa\u00e7on. Ce site Web ne garantit pas que les fonctions qu&rsquo;il contient seront ininterrompues ou exemptes d&rsquo;erreurs, que les d\u00e9fauts seront corrig\u00e9s ou que ce site ou le serveur qui le rend disponible sont exempts de virus ou d&rsquo;autres composants nuisibles. Ce site Web ne fait aucune garantie ni repr\u00e9sentation concernant l&rsquo;utilisation des \u00e9l\u00e9ments de ce site en termes d&rsquo;exactitude, de pr\u00e9cision, d&rsquo;ad\u00e9quation, d&rsquo;utilit\u00e9, d&rsquo;actualit\u00e9, de fiabilit\u00e9 ou autre. Certains \u00c9tats n&rsquo;autorisent pas les limitations ou exclusions de garanties, de sorte que les limitations ci-dessus peuvent ne pas s&rsquo;appliquer \u00e0 vous.<\/p><p><b>Forme juridique et choix de la loi applicable<\/b><\/p><p>En utilisant notre site Web, en achetant un produit ou un service, vous avez conclu un contrat l\u00e9gal avec notre soci\u00e9t\u00e9. Vous acceptez que la partie gagnante dans un proc\u00e8s civil puisse se voir accorder des honoraires d&rsquo;avocat raisonnables.<\/p><p><b>Modifications des conditions g\u00e9n\u00e9rales<\/b><\/p><p>Nous nous r\u00e9servons le droit, \u00e0 notre discr\u00e9tion, de modifier nos conditions g\u00e9n\u00e9rales \u00e0 tout moment. Il est recommand\u00e9 aux clients, aux membres et \u00e0 tous les utilisateurs de ce site Web de consulter nos conditions g\u00e9n\u00e9rales, notre politique de confidentialit\u00e9 et nos avis de non-responsabilit\u00e9 (situ\u00e9s au pied de chaque page de ce site Web) sur une base mensuelle.<\/p>\t\t\t\t\t\t\t\t<\/div>\n\t\t\t\t<\/div>\n\t\t\t\t\t<\/div>\n\t\t\t\t<\/div>\n\t\t\t\t<\/div>","protected":false},"excerpt":{"rendered":"<p>\u00c0 propos de ce site Web Ce site Web est g\u00e9r\u00e9 par une agence de voyage GOGLOBE [&hellip;]<\/p>","protected":false},"author":1,"featured_media":0,"parent":0,"menu_order":0,"comment_status":"closed","ping_status":"closed","template":"","meta":{"footnotes":""},"class_list":["post-1158","page","type-page","status-publish","hentry"],"_links":{"self":[{"href":"https:\/\/esta.goglobe-assistance.com\/es\/wp-json\/wp\/v2\/pages\/1158","targetHints":{"allow":["GET"]}}],"collection":[{"href":"https:\/\/esta.goglobe-assistance.com\/es\/wp-json\/wp\/v2\/pages"}],"about":[{"href":"https:\/\/esta.goglobe-assistance.com\/es\/wp-json\/wp\/v2\/types\/page"}],"author":[{"embeddable":true,"href":"https:\/\/esta.goglobe-assistance.com\/es\/wp-json\/wp\/v2\/users\/1"}],"replies":[{"embeddable":true,"href":"https:\/\/esta.goglobe-assistance.com\/es\/wp-json\/wp\/v2\/comments?post=1158"}],"version-history":[{"count":10,"href":"https:\/\/esta.goglobe-assistance.com\/es\/wp-json\/wp\/v2\/pages\/1158\/revisions"}],"predecessor-version":[{"id":2001,"href":"https:\/\/esta.goglobe-assistance.com\/es\/wp-json\/wp\/v2\/pages\/1158\/revisions\/2001"}],"wp:attachment":[{"href":"https:\/\/esta.goglobe-assistance.com\/es\/wp-json\/wp\/v2\/media?parent=1158"}],"curies":[{"name":"wp","href":"https:\/\/api.w.org\/{rel}","templated":true}]}}